{"id":10278,"date":"2024-01-11T12:04:46","date_gmt":"2024-01-11T10:04:46","guid":{"rendered":"https:\/\/dulobisztro.hu\/?page_id=10278"},"modified":"2026-04-09T14:48:25","modified_gmt":"2026-04-09T12:48:25","slug":"boraszatunk","status":"publish","type":"page","link":"https:\/\/dulobisztro.hu\/en\/boraszatunk\/","title":{"rendered":"Hars\u00e1nyi Winery"},"content":{"rendered":"<div data-elementor-type=\"wp-page\" data-elementor-id=\"10278\" class=\"elementor elementor-10278\" data-elementor-post-type=\"page\">\n\t\t\t\t<div class=\"elementor-element elementor-element-e39edb8 e-flex e-con-boxed e-con e-parent\" data-id=\"e39edb8\" data-element_type=\"container\" data-e-type=\"container\" data-settings=\"{&quot;jet_parallax_layout_list&quot;:[]}\">\n\t\t\t\t\t<div class=\"e-con-inner\">\n\t\t<div class=\"elementor-element elementor-element-69cac35 e-flex e-con-boxed e-con e-child\" data-id=\"69cac35\" data-element_type=\"container\" data-e-type=\"container\" data-settings=\"{&quot;jet_parallax_layout_list&quot;:[]}\">\n\t\t\t\t\t<div class=\"e-con-inner\">\n\t\t\t\t\t<\/div>\n\t\t\t\t<\/div>\n\t\t\t\t<div class=\"elementor-element elementor-element-ad10ec6 elementor-widget elementor-widget-image\" data-id=\"ad10ec6\" data-element_type=\"widget\" data-e-type=\"widget\" data-widget_type=\"image.default\">\n\t\t\t\t<div class=\"elementor-widget-container\">\n\t\t\t\t\t\t\t\t\t\t\t\t\t\t\t<img fetchpriority=\"high\" decoding=\"async\" width=\"1024\" height=\"683\" src=\"https:\/\/dulobisztro.hu\/wp-content\/uploads\/2022\/11\/IMG_2618.jpg\" class=\"attachment-full size-full wp-image-7350\" alt=\"\" srcset=\"https:\/\/dulobisztro.hu\/wp-content\/uploads\/2022\/11\/IMG_2618.jpg 1024w, https:\/\/dulobisztro.hu\/wp-content\/uploads\/2022\/11\/IMG_2618-300x200.jpg 300w, https:\/\/dulobisztro.hu\/wp-content\/uploads\/2022\/11\/IMG_2618-768x512.jpg 768w, https:\/\/dulobisztro.hu\/wp-content\/uploads\/2022\/11\/IMG_2618-18x12.jpg 18w\" sizes=\"(max-width: 1024px) 100vw, 1024px\" style=\"width:100%;height:66.7%;max-width:1024px\" \/>\t\t\t\t\t\t\t\t\t\t\t\t\t\t\t<\/div>\n\t\t\t\t<\/div>\n\t\t<div class=\"elementor-element elementor-element-1254c96 e-flex e-con-boxed e-con e-child\" data-id=\"1254c96\" data-element_type=\"container\" data-e-type=\"container\" data-settings=\"{&quot;jet_parallax_layout_list&quot;:[]}\">\n\t\t\t\t\t<div class=\"e-con-inner\">\n\t\t\t\t<div class=\"elementor-element elementor-element-189def4 elementor-widget elementor-widget-heading\" data-id=\"189def4\" data-element_type=\"widget\" data-e-type=\"widget\" data-widget_type=\"heading.default\">\n\t\t\t\t<div class=\"elementor-widget-container\">\n\t\t\t\t\t<h2 class=\"elementor-heading-title elementor-size-default\">Our Winery<\/h2>\t\t\t\t<\/div>\n\t\t\t\t<\/div>\n\t\t\t\t<div class=\"elementor-element elementor-element-c6b9e2b elementor-widget elementor-widget-text-editor\" data-id=\"c6b9e2b\" data-element_type=\"widget\" data-e-type=\"widget\" data-widget_type=\"text-editor.default\">\n\t\t\t\t<div class=\"elementor-widget-container\">\n\t\t\t\t\t\t\t\t\t<div>Sz\u0151l\u0151birtokunk S\u00e1rospatakon, a t\u00f6rt\u00e9nelmi\u00a0tokaji\u00a0borvid\u00e9k sz\u00edv\u00e9ben 17 hekt\u00e1ron ter\u00fcl el, k\u00f6zvetlen\u00fcl az orsz\u00e1g egyik legszebb kir\u00e1ndul\u00f3helye, a Megyer-hegyi tengerszem alatt. A n\u00e9gy csod\u00e1latos talajadotts\u00e1gokkal rendelkez\u0151, mikroklimaktikus d\u0171l\u0151 &#8211; a Kir\u00e1lyhegy, a Megyer, a K\u00fatpatka \u00e9s a Cir\u00f3ka ut\u00e1nozhatatlan terroirj\u00e1nak var\u00e1zs\u00e1t palackozzuk borainkba. Ezt az egyed\u00fcl\u00e1ll\u00f3 talajt a riolittuf\u00e1b\u00f3l \u00e9p\u00edtkez\u0151 vulkanikus k\u0151zetek, a k\u00fcl\u00f6nleges talajszerkezet valamint a Bodrog k\u00f6zels\u00e9ge alak\u00edtj\u00e1k. Ez a ritka \u00e9s szerencs\u00e9s egy\u00fctt\u00e1ll\u00e1s ruh\u00e1zza fel kiv\u00e9teles szem\u00e9lyis\u00e9ggel minden egyes t\u00e9tel\u00fcnket. Nagy tiszteletben tartjuk a term\u00e9szet e nem mindennapi aj\u00e1nd\u00e9k\u00e1t, ez\u00e9rt vagyunk elk\u00f6telezett h\u00edvei az organikus gazd\u00e1lkod\u00e1snak!<\/div><div>We make wines that can show the individual qualities of our vineyards and the characteristics of our terroir. <span style=\"color: #99ccff;\"><a style=\"color: #99ccff; text-decoration: underline;\" href=\"https:\/\/dulobisztro.hu\/en\/blog\/tokaji-szolofajtak\/\">The three classic Tokaj grape varieties<\/a><\/span>: we work with furmint, linden and yellow musk mallow. While respecting tradition, we represent a modern style of wine. In the winemaking process, we attach great importance to the preservation of fresh fruity notes and the emphasis on the unique characteristics of our vineyards, while keeping alcohol levels low. Our range includes six-puttonyos asz\u00fa, translation, dry and sweet Samorodni, late harvest and dry vineyard selected wines.<\/div><div>We like to experiment, and not just with wine. We've made verjus, but we also make quince, asz\u00fat\u00f6rk\u00f6ly and t\u00f6rk\u00f6ly brandies, must honey and wine brandy.<\/div>\t\t\t\t\t\t\t\t<\/div>\n\t\t\t\t<\/div>\n\t\t<div class=\"elementor-element elementor-element-8ae359d e-flex e-con-boxed e-con e-child\" data-id=\"8ae359d\" data-element_type=\"container\" data-e-type=\"container\" data-settings=\"{&quot;jet_parallax_layout_list&quot;:[]}\">\n\t\t\t\t\t<div class=\"e-con-inner\">\n\t\t<div class=\"elementor-element elementor-element-a8ea3c4 e-grid e-con-full e-con e-child\" data-id=\"a8ea3c4\" data-element_type=\"container\" data-e-type=\"container\" data-settings=\"{&quot;jet_parallax_layout_list&quot;:[]}\">\n\t\t\t\t<div class=\"elementor-element elementor-element-8ca922e elementor-align-center elementor-widget elementor-widget-button\" data-id=\"8ca922e\" data-element_type=\"widget\" data-e-type=\"widget\" data-widget_type=\"button.default\">\n\t\t\t\t<div class=\"elementor-widget-container\">\n\t\t\t\t\t\t\t\t\t<div class=\"elementor-button-wrapper\">\n\t\t\t\t\t<a class=\"elementor-button elementor-button-link elementor-size-sm\" href=\"https:\/\/harsanyipinceszet.hu\/\" target=\"_blank\">\n\t\t\t\t\t\t<span class=\"elementor-button-content-wrapper\">\n\t\t\t\t\t\t\t\t\t<span class=\"elementor-button-text\">TOV\u00c1BB A HARS\u00c1NYI PINC\u00c9SZET OLDAL\u00c1RA<\/span>\n\t\t\t\t\t<\/span>\n\t\t\t\t\t<\/a>\n\t\t\t\t<\/div>\n\t\t\t\t\t\t\t\t<\/div>\n\t\t\t\t<\/div>\n\t\t\t\t<div class=\"elementor-element elementor-element-945205f elementor-align-center elementor-widget elementor-widget-button\" data-id=\"945205f\" data-element_type=\"widget\" data-e-type=\"widget\" data-widget_type=\"button.default\">\n\t\t\t\t<div class=\"elementor-widget-container\">\n\t\t\t\t\t\t\t\t\t<div class=\"elementor-button-wrapper\">\n\t\t\t\t\t<a class=\"elementor-button elementor-button-link elementor-size-sm\" href=\"https:\/\/dulobisztro.hu\/en\/borkostolas\/tokaji-borkostolas\/\">\n\t\t\t\t\t\t<span class=\"elementor-button-content-wrapper\">\n\t\t\t\t\t\t\t\t\t<span class=\"elementor-button-text\">BORK\u00d3STOL\u00c1S<\/span>\n\t\t\t\t\t<\/span>\n\t\t\t\t\t<\/a>\n\t\t\t\t<\/div>\n\t\t\t\t\t\t\t\t<\/div>\n\t\t\t\t<\/div>\n\t\t\t\t<\/div>\n\t\t\t\t<div class=\"elementor-element elementor-element-7723ed5 elementor-widget elementor-widget-gallery\" data-id=\"7723ed5\" data-element_type=\"widget\" data-e-type=\"widget\" data-settings=\"{&quot;columns&quot;:5,&quot;lazyload&quot;:&quot;yes&quot;,&quot;gallery_layout&quot;:&quot;grid&quot;,&quot;columns_tablet&quot;:2,&quot;columns_mobile&quot;:1,&quot;gap&quot;:{&quot;unit&quot;:&quot;px&quot;,&quot;size&quot;:10,&quot;sizes&quot;:[]},&quot;gap_tablet&quot;:{&quot;unit&quot;:&quot;px&quot;,&quot;size&quot;:10,&quot;sizes&quot;:[]},&quot;gap_mobile&quot;:{&quot;unit&quot;:&quot;px&quot;,&quot;size&quot;:10,&quot;sizes&quot;:[]},&quot;link_to&quot;:&quot;file&quot;,&quot;aspect_ratio&quot;:&quot;3:2&quot;,&quot;overlay_background&quot;:&quot;yes&quot;,&quot;content_hover_animation&quot;:&quot;fade-in&quot;}\" data-widget_type=\"gallery.default\">\n\t\t\t\t<div class=\"elementor-widget-container\">\n\t\t\t\t\t\t\t<div class=\"elementor-gallery__container\">\n\t\t\t\t\t\t\t<a class=\"e-gallery-item elementor-gallery-item elementor-animated-content\" href=\"https:\/\/dulobisztro.hu\/wp-content\/uploads\/2023\/10\/IMG_1750.jpg\" data-elementor-open-lightbox=\"yes\" data-elementor-lightbox-slideshow=\"7723ed5\" data-e-action-hash=\"#elementor-action%3Aaction%3Dlightbox%26settings%3DeyJpZCI6OTc3MCwidXJsIjoiaHR0cHM6XC9cL2R1bG9iaXN6dHJvLmh1XC93cC1jb250ZW50XC91cGxvYWRzXC8yMDIzXC8xMFwvSU1HXzE3NTAuanBnIiwic2xpZGVzaG93IjoiNzcyM2VkNSJ9\">\n\t\t\t\t\t<div class=\"e-gallery-image elementor-gallery-item__image\" data-thumbnail=\"https:\/\/dulobisztro.hu\/wp-content\/uploads\/2023\/10\/IMG_1750-300x200.jpg\" data-width=\"300\" data-height=\"200\" aria-label=\"\" role=\"img\" ><\/div>\n\t\t\t\t\t\t\t\t\t\t\t<div class=\"elementor-gallery-item__overlay\"><\/div>\n\t\t\t\t\t\t\t\t\t\t\t\t\t\t<\/a>\n\t\t\t\t\t\t\t<a class=\"e-gallery-item elementor-gallery-item elementor-animated-content\" href=\"https:\/\/dulobisztro.hu\/wp-content\/uploads\/2023\/10\/IMG_1697.jpg\" data-elementor-open-lightbox=\"yes\" data-elementor-lightbox-slideshow=\"7723ed5\" data-e-action-hash=\"#elementor-action%3Aaction%3Dlightbox%26settings%3DeyJpZCI6OTc2MCwidXJsIjoiaHR0cHM6XC9cL2R1bG9iaXN6dHJvLmh1XC93cC1jb250ZW50XC91cGxvYWRzXC8yMDIzXC8xMFwvSU1HXzE2OTcuanBnIiwic2xpZGVzaG93IjoiNzcyM2VkNSJ9\">\n\t\t\t\t\t<div class=\"e-gallery-image elementor-gallery-item__image\" data-thumbnail=\"https:\/\/dulobisztro.hu\/wp-content\/uploads\/2023\/10\/IMG_1697-300x200.jpg\" data-width=\"300\" data-height=\"200\" aria-label=\"\" role=\"img\" ><\/div>\n\t\t\t\t\t\t\t\t\t\t\t<div class=\"elementor-gallery-item__overlay\"><\/div>\n\t\t\t\t\t\t\t\t\t\t\t\t\t\t<\/a>\n\t\t\t\t\t\t\t<a class=\"e-gallery-item elementor-gallery-item elementor-animated-content\" href=\"https:\/\/dulobisztro.hu\/wp-content\/uploads\/2023\/10\/IMG_1732-scaled.jpg\" data-elementor-open-lightbox=\"yes\" data-elementor-lightbox-slideshow=\"7723ed5\" data-e-action-hash=\"#elementor-action%3Aaction%3Dlightbox%26settings%3DeyJpZCI6OTc2NiwidXJsIjoiaHR0cHM6XC9cL2R1bG9iaXN6dHJvLmh1XC93cC1jb250ZW50XC91cGxvYWRzXC8yMDIzXC8xMFwvSU1HXzE3MzItc2NhbGVkLmpwZyIsInNsaWRlc2hvdyI6Ijc3MjNlZDUifQ%3D%3D\">\n\t\t\t\t\t<div class=\"e-gallery-image elementor-gallery-item__image\" data-thumbnail=\"https:\/\/dulobisztro.hu\/wp-content\/uploads\/2023\/10\/IMG_1732-200x300.jpg\" data-width=\"200\" data-height=\"300\" aria-label=\"\" role=\"img\" ><\/div>\n\t\t\t\t\t\t\t\t\t\t\t<div class=\"elementor-gallery-item__overlay\"><\/div>\n\t\t\t\t\t\t\t\t\t\t\t\t\t\t<\/a>\n\t\t\t\t\t\t\t<a class=\"e-gallery-item elementor-gallery-item elementor-animated-content\" href=\"https:\/\/dulobisztro.hu\/wp-content\/uploads\/2023\/10\/IMG_1608.jpg\" data-elementor-open-lightbox=\"yes\" data-elementor-lightbox-slideshow=\"7723ed5\" data-e-action-hash=\"#elementor-action%3Aaction%3Dlightbox%26settings%3DeyJpZCI6OTc0MCwidXJsIjoiaHR0cHM6XC9cL2R1bG9iaXN6dHJvLmh1XC93cC1jb250ZW50XC91cGxvYWRzXC8yMDIzXC8xMFwvSU1HXzE2MDguanBnIiwic2xpZGVzaG93IjoiNzcyM2VkNSJ9\">\n\t\t\t\t\t<div class=\"e-gallery-image elementor-gallery-item__image\" data-thumbnail=\"https:\/\/dulobisztro.hu\/wp-content\/uploads\/2023\/10\/IMG_1608-300x200.jpg\" data-width=\"300\" data-height=\"200\" aria-label=\"\" role=\"img\" ><\/div>\n\t\t\t\t\t\t\t\t\t\t\t<div class=\"elementor-gallery-item__overlay\"><\/div>\n\t\t\t\t\t\t\t\t\t\t\t\t\t\t<\/a>\n\t\t\t\t\t\t\t<a class=\"e-gallery-item elementor-gallery-item elementor-animated-content\" href=\"https:\/\/dulobisztro.hu\/wp-content\/uploads\/2023\/10\/IMG_1539.jpg\" data-elementor-open-lightbox=\"yes\" data-elementor-lightbox-slideshow=\"7723ed5\" data-e-action-hash=\"#elementor-action%3Aaction%3Dlightbox%26settings%3DeyJpZCI6OTcyMiwidXJsIjoiaHR0cHM6XC9cL2R1bG9iaXN6dHJvLmh1XC93cC1jb250ZW50XC91cGxvYWRzXC8yMDIzXC8xMFwvSU1HXzE1MzkuanBnIiwic2xpZGVzaG93IjoiNzcyM2VkNSJ9\">\n\t\t\t\t\t<div class=\"e-gallery-image elementor-gallery-item__image\" data-thumbnail=\"https:\/\/dulobisztro.hu\/wp-content\/uploads\/2023\/10\/IMG_1539-300x200.jpg\" data-width=\"300\" data-height=\"200\" aria-label=\"\" role=\"img\" ><\/div>\n\t\t\t\t\t\t\t\t\t\t\t<div class=\"elementor-gallery-item__overlay\"><\/div>\n\t\t\t\t\t\t\t\t\t\t\t\t\t\t<\/a>\n\t\t\t\t\t\t\t<a class=\"e-gallery-item elementor-gallery-item elementor-animated-content\" href=\"https:\/\/dulobisztro.hu\/wp-content\/uploads\/2023\/10\/IMG_1487.jpg\" data-elementor-open-lightbox=\"yes\" data-elementor-lightbox-slideshow=\"7723ed5\" data-e-action-hash=\"#elementor-action%3Aaction%3Dlightbox%26settings%3DeyJpZCI6OTcxMCwidXJsIjoiaHR0cHM6XC9cL2R1bG9iaXN6dHJvLmh1XC93cC1jb250ZW50XC91cGxvYWRzXC8yMDIzXC8xMFwvSU1HXzE0ODcuanBnIiwic2xpZGVzaG93IjoiNzcyM2VkNSJ9\">\n\t\t\t\t\t<div class=\"e-gallery-image elementor-gallery-item__image\" data-thumbnail=\"https:\/\/dulobisztro.hu\/wp-content\/uploads\/2023\/10\/IMG_1487-300x200.jpg\" data-width=\"300\" data-height=\"200\" aria-label=\"\" role=\"img\" ><\/div>\n\t\t\t\t\t\t\t\t\t\t\t<div class=\"elementor-gallery-item__overlay\"><\/div>\n\t\t\t\t\t\t\t\t\t\t\t\t\t\t<\/a>\n\t\t\t\t\t\t\t<a class=\"e-gallery-item elementor-gallery-item elementor-animated-content\" href=\"https:\/\/dulobisztro.hu\/wp-content\/uploads\/2023\/10\/IMG_1247-scaled.jpg\" data-elementor-open-lightbox=\"yes\" data-elementor-lightbox-slideshow=\"7723ed5\" data-e-action-hash=\"#elementor-action%3Aaction%3Dlightbox%26settings%3DeyJpZCI6OTY0MSwidXJsIjoiaHR0cHM6XC9cL2R1bG9iaXN6dHJvLmh1XC93cC1jb250ZW50XC91cGxvYWRzXC8yMDIzXC8xMFwvSU1HXzEyNDctc2NhbGVkLmpwZyIsInNsaWRlc2hvdyI6Ijc3MjNlZDUifQ%3D%3D\">\n\t\t\t\t\t<div class=\"e-gallery-image elementor-gallery-item__image\" data-thumbnail=\"https:\/\/dulobisztro.hu\/wp-content\/uploads\/2023\/10\/IMG_1247-200x300.jpg\" data-width=\"200\" data-height=\"300\" aria-label=\"\" role=\"img\" ><\/div>\n\t\t\t\t\t\t\t\t\t\t\t<div class=\"elementor-gallery-item__overlay\"><\/div>\n\t\t\t\t\t\t\t\t\t\t\t\t\t\t<\/a>\n\t\t\t\t\t\t\t<a class=\"e-gallery-item elementor-gallery-item elementor-animated-content\" href=\"https:\/\/dulobisztro.hu\/wp-content\/uploads\/2023\/10\/IMG_1010-scaled.jpg\" data-elementor-open-lightbox=\"yes\" data-elementor-lightbox-slideshow=\"7723ed5\" data-e-action-hash=\"#elementor-action%3Aaction%3Dlightbox%26settings%3DeyJpZCI6OTUyMSwidXJsIjoiaHR0cHM6XC9cL2R1bG9iaXN6dHJvLmh1XC93cC1jb250ZW50XC91cGxvYWRzXC8yMDIzXC8xMFwvSU1HXzEwMTAtc2NhbGVkLmpwZyIsInNsaWRlc2hvdyI6Ijc3MjNlZDUifQ%3D%3D\">\n\t\t\t\t\t<div class=\"e-gallery-image elementor-gallery-item__image\" data-thumbnail=\"https:\/\/dulobisztro.hu\/wp-content\/uploads\/2023\/10\/IMG_1010-200x300.jpg\" data-width=\"200\" data-height=\"300\" aria-label=\"\" role=\"img\" ><\/div>\n\t\t\t\t\t\t\t\t\t\t\t<div class=\"elementor-gallery-item__overlay\"><\/div>\n\t\t\t\t\t\t\t\t\t\t\t\t\t\t<\/a>\n\t\t\t\t\t\t\t<a class=\"e-gallery-item elementor-gallery-item elementor-animated-content\" href=\"https:\/\/dulobisztro.hu\/wp-content\/uploads\/2023\/08\/dulobisztro_sarospatak_harsanyi_pinceszet_kirandul_bisztro-26.jpg\" data-elementor-open-lightbox=\"yes\" data-elementor-lightbox-slideshow=\"7723ed5\" data-e-action-hash=\"#elementor-action%3Aaction%3Dlightbox%26settings%3DeyJpZCI6OTE5NywidXJsIjoiaHR0cHM6XC9cL2R1bG9iaXN6dHJvLmh1XC93cC1jb250ZW50XC91cGxvYWRzXC8yMDIzXC8wOFwvZHVsb2Jpc3p0cm9fc2Fyb3NwYXRha19oYXJzYW55aV9waW5jZXN6ZXRfa2lyYW5kdWxfYmlzenRyby0yNi5qcGciLCJzbGlkZXNob3ciOiI3NzIzZWQ1In0%3D\">\n\t\t\t\t\t<div class=\"e-gallery-image elementor-gallery-item__image\" data-thumbnail=\"https:\/\/dulobisztro.hu\/wp-content\/uploads\/2023\/08\/dulobisztro_sarospatak_harsanyi_pinceszet_kirandul_bisztro-26-300x200.jpg\" data-width=\"300\" data-height=\"200\" aria-label=\"Tokaj bork\u00f3stol\u00e1s\" role=\"img\" ><\/div>\n\t\t\t\t\t\t\t\t\t\t\t<div class=\"elementor-gallery-item__overlay\"><\/div>\n\t\t\t\t\t\t\t\t\t\t\t\t\t\t<\/a>\n\t\t\t\t\t\t\t<a class=\"e-gallery-item elementor-gallery-item elementor-animated-content\" href=\"https:\/\/dulobisztro.hu\/wp-content\/uploads\/2023\/08\/dulobisztro_sarospatak_harsanyi_pinceszet_kirandul_bisztro-5.jpg\" data-elementor-open-lightbox=\"yes\" data-elementor-lightbox-slideshow=\"7723ed5\" data-e-action-hash=\"#elementor-action%3Aaction%3Dlightbox%26settings%3DeyJpZCI6OTE3NiwidXJsIjoiaHR0cHM6XC9cL2R1bG9iaXN6dHJvLmh1XC93cC1jb250ZW50XC91cGxvYWRzXC8yMDIzXC8wOFwvZHVsb2Jpc3p0cm9fc2Fyb3NwYXRha19oYXJzYW55aV9waW5jZXN6ZXRfa2lyYW5kdWxfYmlzenRyby01LmpwZyIsInNsaWRlc2hvdyI6Ijc3MjNlZDUifQ%3D%3D\">\n\t\t\t\t\t<div class=\"e-gallery-image elementor-gallery-item__image\" data-thumbnail=\"https:\/\/dulobisztro.hu\/wp-content\/uploads\/2023\/08\/dulobisztro_sarospatak_harsanyi_pinceszet_kirandul_bisztro-5-200x300.jpg\" data-width=\"200\" data-height=\"300\" aria-label=\"bork\u00f3stol\u00e1s Tokaj\" role=\"img\" ><\/div>\n\t\t\t\t\t\t\t\t\t\t\t<div class=\"elementor-gallery-item__overlay\"><\/div>\n\t\t\t\t\t\t\t\t\t\t\t\t\t\t<\/a>\n\t\t\t\t\t\t\t<a class=\"e-gallery-item elementor-gallery-item elementor-animated-content\" href=\"https:\/\/dulobisztro.hu\/wp-content\/uploads\/2022\/11\/IMG_20220219_122530.jpg\" data-elementor-open-lightbox=\"yes\" data-elementor-lightbox-slideshow=\"7723ed5\" data-e-action-hash=\"#elementor-action%3Aaction%3Dlightbox%26settings%3DeyJpZCI6NzMzMywidXJsIjoiaHR0cHM6XC9cL2R1bG9iaXN6dHJvLmh1XC93cC1jb250ZW50XC91cGxvYWRzXC8yMDIyXC8xMVwvSU1HXzIwMjIwMjE5XzEyMjUzMC5qcGciLCJzbGlkZXNob3ciOiI3NzIzZWQ1In0%3D\">\n\t\t\t\t\t<div class=\"e-gallery-image elementor-gallery-item__image\" data-thumbnail=\"https:\/\/dulobisztro.hu\/wp-content\/uploads\/2022\/11\/IMG_20220219_122530-300x225.jpg\" data-width=\"300\" data-height=\"225\" aria-label=\"\" role=\"img\" ><\/div>\n\t\t\t\t\t\t\t\t\t\t\t<div class=\"elementor-gallery-item__overlay\"><\/div>\n\t\t\t\t\t\t\t\t\t\t\t\t\t\t<\/a>\n\t\t\t\t\t\t\t<a class=\"e-gallery-item elementor-gallery-item elementor-animated-content\" href=\"https:\/\/dulobisztro.hu\/wp-content\/uploads\/2022\/11\/IMG_20220203_120952.jpg\" data-elementor-open-lightbox=\"yes\" data-elementor-lightbox-slideshow=\"7723ed5\" data-e-action-hash=\"#elementor-action%3Aaction%3Dlightbox%26settings%3DeyJpZCI6NzMyNCwidXJsIjoiaHR0cHM6XC9cL2R1bG9iaXN6dHJvLmh1XC93cC1jb250ZW50XC91cGxvYWRzXC8yMDIyXC8xMVwvSU1HXzIwMjIwMjAzXzEyMDk1Mi5qcGciLCJzbGlkZXNob3ciOiI3NzIzZWQ1In0%3D\">\n\t\t\t\t\t<div class=\"e-gallery-image elementor-gallery-item__image\" data-thumbnail=\"https:\/\/dulobisztro.hu\/wp-content\/uploads\/2022\/11\/IMG_20220203_120952-300x225.jpg\" data-width=\"300\" data-height=\"225\" aria-label=\"\" role=\"img\" ><\/div>\n\t\t\t\t\t\t\t\t\t\t\t<div class=\"elementor-gallery-item__overlay\"><\/div>\n\t\t\t\t\t\t\t\t\t\t\t\t\t\t<\/a>\n\t\t\t\t\t\t\t<a class=\"e-gallery-item elementor-gallery-item elementor-animated-content\" href=\"https:\/\/dulobisztro.hu\/wp-content\/uploads\/2022\/11\/IMG_3457.jpg\" data-elementor-open-lightbox=\"yes\" data-elementor-lightbox-slideshow=\"7723ed5\" data-e-action-hash=\"#elementor-action%3Aaction%3Dlightbox%26settings%3DeyJpZCI6NzI5NiwidXJsIjoiaHR0cHM6XC9cL2R1bG9iaXN6dHJvLmh1XC93cC1jb250ZW50XC91cGxvYWRzXC8yMDIyXC8xMVwvSU1HXzM0NTcuanBnIiwic2xpZGVzaG93IjoiNzcyM2VkNSJ9\">\n\t\t\t\t\t<div class=\"e-gallery-image elementor-gallery-item__image\" data-thumbnail=\"https:\/\/dulobisztro.hu\/wp-content\/uploads\/2022\/11\/IMG_3457-300x200.jpg\" data-width=\"300\" data-height=\"200\" aria-label=\"\" role=\"img\" ><\/div>\n\t\t\t\t\t\t\t\t\t\t\t<div class=\"elementor-gallery-item__overlay\"><\/div>\n\t\t\t\t\t\t\t\t\t\t\t\t\t\t<\/a>\n\t\t\t\t\t\t\t<a class=\"e-gallery-item elementor-gallery-item elementor-animated-content\" href=\"https:\/\/dulobisztro.hu\/wp-content\/uploads\/2022\/11\/IMG_3545.jpg\" data-elementor-open-lightbox=\"yes\" data-elementor-lightbox-slideshow=\"7723ed5\" data-e-action-hash=\"#elementor-action%3Aaction%3Dlightbox%26settings%3DeyJpZCI6NzI5OCwidXJsIjoiaHR0cHM6XC9cL2R1bG9iaXN6dHJvLmh1XC93cC1jb250ZW50XC91cGxvYWRzXC8yMDIyXC8xMVwvSU1HXzM1NDUuanBnIiwic2xpZGVzaG93IjoiNzcyM2VkNSJ9\">\n\t\t\t\t\t<div class=\"e-gallery-image elementor-gallery-item__image\" data-thumbnail=\"https:\/\/dulobisztro.hu\/wp-content\/uploads\/2022\/11\/IMG_3545-300x200.jpg\" data-width=\"300\" data-height=\"200\" aria-label=\"\" role=\"img\" ><\/div>\n\t\t\t\t\t\t\t\t\t\t\t<div class=\"elementor-gallery-item__overlay\"><\/div>\n\t\t\t\t\t\t\t\t\t\t\t\t\t\t<\/a>\n\t\t\t\t\t\t\t<a class=\"e-gallery-item elementor-gallery-item elementor-animated-content\" href=\"https:\/\/dulobisztro.hu\/wp-content\/uploads\/2023\/10\/IMG_1181.jpg\" data-elementor-open-lightbox=\"yes\" data-elementor-lightbox-slideshow=\"7723ed5\" data-e-action-hash=\"#elementor-action%3Aaction%3Dlightbox%26settings%3DeyJpZCI6OTYwNywidXJsIjoiaHR0cHM6XC9cL2R1bG9iaXN6dHJvLmh1XC93cC1jb250ZW50XC91cGxvYWRzXC8yMDIzXC8xMFwvSU1HXzExODEuanBnIiwic2xpZGVzaG93IjoiNzcyM2VkNSJ9\">\n\t\t\t\t\t<div class=\"e-gallery-image elementor-gallery-item__image\" data-thumbnail=\"https:\/\/dulobisztro.hu\/wp-content\/uploads\/2023\/10\/IMG_1181-300x200.jpg\" data-width=\"300\" data-height=\"200\" aria-label=\"\" role=\"img\" ><\/div>\n\t\t\t\t\t\t\t\t\t\t\t<div class=\"elementor-gallery-item__overlay\"><\/div>\n\t\t\t\t\t\t\t\t\t\t\t\t\t\t<\/a>\n\t\t\t\t\t<\/div>\n\t\t\t\t\t<\/div>\n\t\t\t\t<\/div>\n\t\t\t\t\t<\/div>\n\t\t\t\t<\/div>\n\t\t\t\t\t<\/div>\n\t\t\t\t<\/div>\n\t\t\t\t\t<\/div>\n\t\t\t\t<\/div>\n\t\t\t\t<\/div>","protected":false},"excerpt":{"rendered":"<p>BOR\u00c1SZATUNK Sz\u0151l\u0151birtokunk S\u00e1rospatakon, a t\u00f6rt\u00e9nelmi\u00a0tokaji\u00a0borvid\u00e9k sz\u00edv\u00e9ben 17 hekt\u00e1ron ter\u00fcl el, k\u00f6zvetlen\u00fcl az orsz\u00e1g egyik legszebb kir\u00e1ndul\u00f3helye, a Megyer-hegyi tengerszem alatt. A n\u00e9gy csod\u00e1latos talajadotts\u00e1gokkal rendelkez\u0151, mikroklimaktikus d\u0171l\u0151 &#8211; a Kir\u00e1lyhegy, a Megyer, a K\u00fatpatka \u00e9s a Cir\u00f3ka ut\u00e1nozhatatlan terroirj\u00e1nak var\u00e1zs\u00e1t palackozzuk borainkba. Ezt az egyed\u00fcl\u00e1ll\u00f3 talajt a riolittuf\u00e1b\u00f3l \u00e9p\u00edtkez\u0151 vulkanikus k\u0151zetek, a k\u00fcl\u00f6nleges talajszerkezet valamint&hellip; <a class=\"more-link\" href=\"https:\/\/dulobisztro.hu\/en\/boraszatunk\/\">Continue reading <span class=\"screen-reader-text\">Hars\u00e1nyi Winery<\/span><\/a><\/p>","protected":false},"author":1,"featured_media":9736,"parent":0,"menu_order":0,"comment_status":"closed","ping_status":"closed","template":"elementor_header_footer","meta":{"footnotes":""},"class_list":["post-10278","page","type-page","status-publish","has-post-thumbnail","hentry","entry"],"aioseo_notices":[],"_links":{"self":[{"href":"https:\/\/dulobisztro.hu\/en\/wp-json\/wp\/v2\/pages\/10278","targetHints":{"allow":["GET"]}}],"collection":[{"href":"https:\/\/dulobisztro.hu\/en\/wp-json\/wp\/v2\/pages"}],"about":[{"href":"https:\/\/dulobisztro.hu\/en\/wp-json\/wp\/v2\/types\/page"}],"author":[{"embeddable":true,"href":"https:\/\/dulobisztro.hu\/en\/wp-json\/wp\/v2\/users\/1"}],"replies":[{"embeddable":true,"href":"https:\/\/dulobisztro.hu\/en\/wp-json\/wp\/v2\/comments?post=10278"}],"version-history":[{"count":0,"href":"https:\/\/dulobisztro.hu\/en\/wp-json\/wp\/v2\/pages\/10278\/revisions"}],"wp:featuredmedia":[{"embeddable":true,"href":"https:\/\/dulobisztro.hu\/en\/wp-json\/wp\/v2\/media\/9736"}],"wp:attachment":[{"href":"https:\/\/dulobisztro.hu\/en\/wp-json\/wp\/v2\/media?parent=10278"}],"curies":[{"name":"wp","href":"https:\/\/api.w.org\/{rel}","templated":true}]}}