{"id":13182,"date":"2025-01-09T11:28:47","date_gmt":"2025-01-09T09:28:47","guid":{"rendered":"https:\/\/dulobisztro.hu\/?page_id=13182"},"modified":"2026-04-09T15:04:28","modified_gmt":"2026-04-09T13:04:28","slug":"karrier","status":"publish","type":"page","link":"https:\/\/dulobisztro.hu\/en\/karrier\/","title":{"rendered":"Career"},"content":{"rendered":"<div data-elementor-type=\"wp-page\" data-elementor-id=\"13182\" class=\"elementor elementor-13182\" data-elementor-post-type=\"page\">\n\t\t\t\t\t\t<section class=\"elementor-section elementor-top-section elementor-element elementor-element-8a2b516 elementor-section-boxed elementor-section-height-default elementor-section-height-default\" data-id=\"8a2b516\" data-element_type=\"section\" data-e-type=\"section\" data-settings=\"{&quot;jet_parallax_layout_list&quot;:[]}\">\n\t\t\t\t\t\t<div class=\"elementor-container elementor-column-gap-default\">\n\t\t\t\t\t<div class=\"elementor-column elementor-col-100 elementor-top-column elementor-element elementor-element-beaa8d5\" data-id=\"beaa8d5\" data-element_type=\"column\" data-e-type=\"column\">\n\t\t\t<div class=\"elementor-widget-wrap elementor-element-populated\">\n\t\t\t\t\t\t<div class=\"elementor-element elementor-element-c6ab11d elementor-widget elementor-widget-spacer\" data-id=\"c6ab11d\" data-element_type=\"widget\" data-e-type=\"widget\" data-widget_type=\"spacer.default\">\n\t\t\t\t<div class=\"elementor-widget-container\">\n\t\t\t\t\t\t\t<div class=\"elementor-spacer\">\n\t\t\t<div class=\"elementor-spacer-inner\"><\/div>\n\t\t<\/div>\n\t\t\t\t\t\t<\/div>\n\t\t\t\t<\/div>\n\t\t\t\t<div class=\"elementor-element elementor-element-355572f elementor-widget__width-initial elementor-widget elementor-widget-text-editor\" data-id=\"355572f\" data-element_type=\"widget\" data-e-type=\"widget\" data-widget_type=\"text-editor.default\">\n\t\t\t\t<div class=\"elementor-widget-container\">\n\t\t\t\t\t\t\t\t\t<p>Jelenleg nem keres\u00fcnk \u00faj munkat\u00e1rsat!<\/p>\t\t\t\t\t\t\t\t<\/div>\n\t\t\t\t<\/div>\n\t\t\t\t\t<\/div>\n\t\t<\/div>\n\t\t\t\t\t<\/div>\n\t\t<\/section>\n\t\t<div class=\"elementor-element elementor-element-9b28ba8 e-flex e-con-boxed e-con e-parent\" data-id=\"9b28ba8\" data-element_type=\"container\" data-e-type=\"container\" data-settings=\"{&quot;jet_parallax_layout_list&quot;:[]}\">\n\t\t\t\t\t<div class=\"e-con-inner\">\n\t\t\t\t<div class=\"elementor-element elementor-element-d1973d1 elementor-widget elementor-widget-spacer\" data-id=\"d1973d1\" data-element_type=\"widget\" data-e-type=\"widget\" data-widget_type=\"spacer.default\">\n\t\t\t\t<div class=\"elementor-widget-container\">\n\t\t\t\t\t\t\t<div class=\"elementor-spacer\">\n\t\t\t<div class=\"elementor-spacer-inner\"><\/div>\n\t\t<\/div>\n\t\t\t\t\t\t<\/div>\n\t\t\t\t<\/div>\n\t\t\t\t\t<\/div>\n\t\t\t\t<\/div>\n\t\t\t\t<\/div>","protected":false},"excerpt":{"rendered":"<p>Jelenleg nem keres\u00fcnk \u00faj munkat\u00e1rsat!<\/p>","protected":false},"author":1,"featured_media":0,"parent":0,"menu_order":0,"comment_status":"closed","ping_status":"closed","template":"elementor_header_footer","meta":{"footnotes":""},"class_list":["post-13182","page","type-page","status-publish","hentry","entry"],"aioseo_notices":[],"_links":{"self":[{"href":"https:\/\/dulobisztro.hu\/en\/wp-json\/wp\/v2\/pages\/13182","targetHints":{"allow":["GET"]}}],"collection":[{"href":"https:\/\/dulobisztro.hu\/en\/wp-json\/wp\/v2\/pages"}],"about":[{"href":"https:\/\/dulobisztro.hu\/en\/wp-json\/wp\/v2\/types\/page"}],"author":[{"embeddable":true,"href":"https:\/\/dulobisztro.hu\/en\/wp-json\/wp\/v2\/users\/1"}],"replies":[{"embeddable":true,"href":"https:\/\/dulobisztro.hu\/en\/wp-json\/wp\/v2\/comments?post=13182"}],"version-history":[{"count":0,"href":"https:\/\/dulobisztro.hu\/en\/wp-json\/wp\/v2\/pages\/13182\/revisions"}],"wp:attachment":[{"href":"https:\/\/dulobisztro.hu\/en\/wp-json\/wp\/v2\/media?parent=13182"}],"curies":[{"name":"wp","href":"https:\/\/api.w.org\/{rel}","templated":true}]}}