{"id":206,"date":"2021-06-24T14:11:02","date_gmt":"2021-06-24T14:11:02","guid":{"rendered":"http:\/\/dulobisztro.hu\/?page_id=206"},"modified":"2021-08-03T06:42:34","modified_gmt":"2021-08-03T06:42:34","slug":"temp","status":"publish","type":"page","link":"https:\/\/dulobisztro.hu\/en\/temp\/","title":{"rendered":"Temp"},"content":{"rendered":"<div data-elementor-type=\"wp-page\" data-elementor-id=\"206\" class=\"elementor elementor-206\" data-elementor-post-type=\"page\">\n\t\t\t\t\t\t<section class=\"elementor-section elementor-top-section elementor-element elementor-element-4daca42 elementor-hidden-phone elementor-section-boxed elementor-section-height-default elementor-section-height-default\" data-id=\"4daca42\" data-element_type=\"section\" data-e-type=\"section\" data-settings=\"{&quot;background_background&quot;:&quot;classic&quot;,&quot;jet_parallax_layout_list&quot;:[]}\">\n\t\t\t\t\t\t<div class=\"elementor-container elementor-column-gap-default\">\n\t\t\t\t\t<div class=\"elementor-column elementor-col-100 elementor-top-column elementor-element elementor-element-703c5fa\" data-id=\"703c5fa\" data-element_type=\"column\" data-e-type=\"column\">\n\t\t\t<div class=\"elementor-widget-wrap elementor-element-populated\">\n\t\t\t\t\t\t<div class=\"elementor-element elementor-element-8f0e316 elementor-hidden-phone animated-slow elementor-invisible elementor-widget elementor-widget-image\" data-id=\"8f0e316\" data-element_type=\"widget\" data-e-type=\"widget\" data-settings=\"{&quot;_animation&quot;:&quot;fadeIn&quot;,&quot;_animation_tablet&quot;:&quot;fadeIn&quot;}\" data-widget_type=\"image.default\">\n\t\t\t\t<div class=\"elementor-widget-container\">\n\t\t\t\t\t\t\t\t\t\t\t\t\t\t\t<img decoding=\"async\" src=\"https:\/\/dulobisztro.hu\/wp-content\/uploads\/elementor\/thumbs\/dulobisztro-felirat_petrolblue-1-p953aph7egw8lzuy1f86h1qi2kkda95278b0bb6alq.png\" title=\"d\u0171l\u0151bisztr\u00f3 felirat_petrolblue\" alt=\"d\u0171l\u0151bisztr\u00f3 felirat_petrolblue\" loading=\"lazy\" \/>\t\t\t\t\t\t\t\t\t\t\t\t\t\t\t<\/div>\n\t\t\t\t<\/div>\n\t\t\t\t<div class=\"elementor-element elementor-element-c8a96ca elementor-invisible elementor-widget elementor-widget-heading\" data-id=\"c8a96ca\" data-element_type=\"widget\" data-e-type=\"widget\" data-settings=\"{&quot;_animation&quot;:&quot;fadeIn&quot;,&quot;_animation_tablet&quot;:&quot;fadeIn&quot;}\" data-widget_type=\"heading.default\">\n\t\t\t\t<div class=\"elementor-widget-container\">\n\t\t\t\t\t<h2 class=\"elementor-heading-title elementor-size-default\"><span style=\"font-weight: normal\">Hamarosan...<\/span><\/h2>\t\t\t\t<\/div>\n\t\t\t\t<\/div>\n\t\t\t\t\t<\/div>\n\t\t<\/div>\n\t\t\t\t\t<\/div>\n\t\t<\/section>\n\t\t\t\t<section class=\"elementor-section elementor-top-section elementor-element elementor-element-58c5447 elementor-hidden-desktop elementor-hidden-tablet elementor-section-boxed elementor-section-height-default elementor-section-height-default\" data-id=\"58c5447\" data-element_type=\"section\" data-e-type=\"section\" data-settings=\"{&quot;background_background&quot;:&quot;classic&quot;,&quot;jet_parallax_layout_list&quot;:[]}\">\n\t\t\t\t\t\t<div class=\"elementor-container elementor-column-gap-default\">\n\t\t\t\t\t<div class=\"elementor-column elementor-col-100 elementor-top-column elementor-element elementor-element-7378046\" data-id=\"7378046\" data-element_type=\"column\" data-e-type=\"column\" data-settings=\"{&quot;background_background&quot;:&quot;classic&quot;}\">\n\t\t\t<div class=\"elementor-widget-wrap elementor-element-populated\">\n\t\t\t\t\t\t<div class=\"elementor-element elementor-element-b53aad9 elementor-widget elementor-widget-image\" data-id=\"b53aad9\" data-element_type=\"widget\" data-e-type=\"widget\" data-settings=\"{&quot;_animation_mobile&quot;:&quot;fadeIn&quot;}\" data-widget_type=\"image.default\">\n\t\t\t\t<div class=\"elementor-widget-container\">\n\t\t\t\t\t\t\t\t\t\t\t\t\t\t\t<img fetchpriority=\"high\" decoding=\"async\" width=\"750\" height=\"683\" src=\"https:\/\/dulobisztro.hu\/wp-content\/uploads\/2021\/06\/dulobisztro-felirat_petrolblue-1-1024x933.png\" class=\"attachment-large size-large wp-image-208\" alt=\"\" srcset=\"https:\/\/dulobisztro.hu\/wp-content\/uploads\/2021\/06\/dulobisztro-felirat_petrolblue-1-1024x933.png 1024w, https:\/\/dulobisztro.hu\/wp-content\/uploads\/2021\/06\/dulobisztro-felirat_petrolblue-1-300x273.png 300w, https:\/\/dulobisztro.hu\/wp-content\/uploads\/2021\/06\/dulobisztro-felirat_petrolblue-1-768x700.png 768w, https:\/\/dulobisztro.hu\/wp-content\/uploads\/2021\/06\/dulobisztro-felirat_petrolblue-1-1536x1399.png 1536w, https:\/\/dulobisztro.hu\/wp-content\/uploads\/2021\/06\/dulobisztro-felirat_petrolblue-1-2048x1866.png 2048w, https:\/\/dulobisztro.hu\/wp-content\/uploads\/2021\/06\/dulobisztro-felirat_petrolblue-1-1568x1428.png 1568w\" sizes=\"(max-width: 750px) 100vw, 750px\" style=\"width:100%;height:91.1%;max-width:5124px\" \/>\t\t\t\t\t\t\t\t\t\t\t\t\t\t\t<\/div>\n\t\t\t\t<\/div>\n\t\t\t\t<div class=\"elementor-element elementor-element-f5e0090 elementor-widget elementor-widget-heading\" data-id=\"f5e0090\" data-element_type=\"widget\" data-e-type=\"widget\" data-settings=\"{&quot;_animation_mobile&quot;:&quot;fadeIn&quot;}\" data-widget_type=\"heading.default\">\n\t\t\t\t<div class=\"elementor-widget-container\">\n\t\t\t\t\t<h2 class=\"elementor-heading-title elementor-size-default\">HAMAROSAN...<\/h2>\t\t\t\t<\/div>\n\t\t\t\t<\/div>\n\t\t\t\t\t<\/div>\n\t\t<\/div>\n\t\t\t\t\t<\/div>\n\t\t<\/section>\n\t\t\t\t<\/div>","protected":false},"excerpt":{"rendered":"<p>Hamarosan&#8230; HAMAROSAN&#8230;<\/p>","protected":false},"author":1,"featured_media":0,"parent":0,"menu_order":0,"comment_status":"closed","ping_status":"closed","template":"elementor_canvas","meta":{"footnotes":""},"class_list":["post-206","page","type-page","status-publish","hentry","entry"],"aioseo_notices":[],"_links":{"self":[{"href":"https:\/\/dulobisztro.hu\/en\/wp-json\/wp\/v2\/pages\/206","targetHints":{"allow":["GET"]}}],"collection":[{"href":"https:\/\/dulobisztro.hu\/en\/wp-json\/wp\/v2\/pages"}],"about":[{"href":"https:\/\/dulobisztro.hu\/en\/wp-json\/wp\/v2\/types\/page"}],"author":[{"embeddable":true,"href":"https:\/\/dulobisztro.hu\/en\/wp-json\/wp\/v2\/users\/1"}],"replies":[{"embeddable":true,"href":"https:\/\/dulobisztro.hu\/en\/wp-json\/wp\/v2\/comments?post=206"}],"version-history":[{"count":0,"href":"https:\/\/dulobisztro.hu\/en\/wp-json\/wp\/v2\/pages\/206\/revisions"}],"wp:attachment":[{"href":"https:\/\/dulobisztro.hu\/en\/wp-json\/wp\/v2\/media?parent=206"}],"curies":[{"name":"wp","href":"https:\/\/api.w.org\/{rel}","templated":true}]}}