{"id":13647,"date":"2025-04-07T19:47:33","date_gmt":"2025-04-07T17:47:33","guid":{"rendered":"https:\/\/dulobisztro.hu\/?page_id=13647"},"modified":"2025-04-07T20:15:55","modified_gmt":"2025-04-07T18:15:55","slug":"dulongelo-2025","status":"publish","type":"page","link":"https:\/\/dulobisztro.hu\/pl\/dulongelo-2025\/","title":{"rendered":"Dulongelo-2025"},"content":{"rendered":"<div data-elementor-type=\"wp-page\" data-elementor-id=\"13647\" class=\"elementor elementor-13647\" data-elementor-post-type=\"page\">\n\t\t\t\t<div class=\"elementor-element elementor-element-4f433aa e-flex e-con-boxed e-con e-parent\" data-id=\"4f433aa\" data-element_type=\"container\" data-e-type=\"container\" data-settings=\"{&quot;background_background&quot;:&quot;video&quot;,&quot;background_video_link&quot;:&quot;https:\\\/\\\/www.youtube.com\\\/watch?v=BnCxZ79rDlY&quot;,&quot;background_video_start&quot;:10,&quot;background_video_end&quot;:20,&quot;background_play_on_mobile&quot;:&quot;yes&quot;,&quot;jet_parallax_layout_list&quot;:[]}\">\n\t\t\t\t\t<div class=\"e-con-inner\">\n\t\t<div class=\"elementor-background-video-container\">\n\t\t\t\t\t\t\t<div class=\"elementor-background-video-embed\" role=\"presentation\"><\/div>\n\t\t\t\t\t\t<\/div>\t\t<div class=\"elementor-element elementor-element-fe25164 elementor-widget elementor-widget-heading\" data-id=\"fe25164\" data-element_type=\"widget\" data-e-type=\"widget\" data-widget_type=\"heading.default\">\n\t\t\t\t<div class=\"elementor-widget-container\">\n\t\t\t\t\t<h2 class=\"elementor-heading-title elementor-size-default\">HARMADIK<\/h2>\t\t\t\t<\/div>\n\t\t\t\t<\/div>\n\t\t\t\t<div class=\"elementor-element elementor-element-c28f225 elementor-widget elementor-widget-image\" data-id=\"c28f225\" data-element_type=\"widget\" data-e-type=\"widget\" data-widget_type=\"image.default\">\n\t\t\t\t<div class=\"elementor-widget-container\">\n\t\t\t\t\t\t\t\t\t\t\t\t\t\t\t<img fetchpriority=\"high\" decoding=\"async\" width=\"1920\" height=\"483\" src=\"https:\/\/dulobisztro.hu\/wp-content\/uploads\/2024\/03\/Dulongelo_logo-e1744029482708.png\" class=\"attachment-full size-full wp-image-13582\" alt=\"\" srcset=\"https:\/\/dulobisztro.hu\/wp-content\/uploads\/2024\/03\/Dulongelo_logo-e1744029482708.png 1920w, https:\/\/dulobisztro.hu\/wp-content\/uploads\/2024\/03\/Dulongelo_logo-e1744029482708-300x75.png 300w, https:\/\/dulobisztro.hu\/wp-content\/uploads\/2024\/03\/Dulongelo_logo-e1744029482708-1024x258.png 1024w, https:\/\/dulobisztro.hu\/wp-content\/uploads\/2024\/03\/Dulongelo_logo-e1744029482708-768x193.png 768w, https:\/\/dulobisztro.hu\/wp-content\/uploads\/2024\/03\/Dulongelo_logo-e1744029482708-1536x386.png 1536w, https:\/\/dulobisztro.hu\/wp-content\/uploads\/2024\/03\/Dulongelo_logo-e1744029482708-18x5.png 18w, https:\/\/dulobisztro.hu\/wp-content\/uploads\/2024\/03\/Dulongelo_logo-e1744029482708-1568x394.png 1568w\" sizes=\"(max-width: 1920px) 100vw, 1920px\" style=\"width:100%;height:25.16%;max-width:1920px\" \/>\t\t\t\t\t\t\t\t\t\t\t\t\t\t\t<\/div>\n\t\t\t\t<\/div>\n\t\t\t\t<div class=\"elementor-element elementor-element-8996282 elementor-widget elementor-widget-heading\" data-id=\"8996282\" data-element_type=\"widget\" data-e-type=\"widget\" data-widget_type=\"heading.default\">\n\t\t\t\t<div class=\"elementor-widget-container\">\n\t\t\t\t\t<h2 class=\"elementor-heading-title elementor-size-default\">2025.05.03., szombat<\/h2>\t\t\t\t<\/div>\n\t\t\t\t<\/div>\n\t\t\t\t<div class=\"elementor-element elementor-element-aedd171 elementor-widget elementor-widget-text-editor\" data-id=\"aedd171\" data-element_type=\"widget\" data-e-type=\"widget\" data-widget_type=\"text-editor.default\">\n\t\t\t\t<div class=\"elementor-widget-container\">\n\t\t\t\t\t\t\t\t\t<p>Elindult a jegyv\u00e1s\u00e1rl\u00e1s! Szerezd be a bel\u00e9p\u0151det most kedvezm\u00e9nyes \u00e1ron, \u00e9s l\u00e9gy ott az \u00e9v egyik legjobb boros esem\u00e9ny\u00e9n.<\/p>\t\t\t\t\t\t\t\t<\/div>\n\t\t\t\t<\/div>\n\t\t\t\t<div class=\"elementor-element elementor-element-7699a1e elementor-align-center elementor-widget elementor-widget-button\" data-id=\"7699a1e\" data-element_type=\"widget\" data-e-type=\"widget\" data-widget_type=\"button.default\">\n\t\t\t\t<div class=\"elementor-widget-container\">\n\t\t\t\t\t\t\t\t\t<div class=\"elementor-button-wrapper\">\n\t\t\t\t\t<a class=\"elementor-button elementor-button-link elementor-size-sm\" href=\"https:\/\/rendezvenyregisztracio.hu\/rendezvenyek\/dulobisztro\/dulongelo\/\">\n\t\t\t\t\t\t<span class=\"elementor-button-content-wrapper\">\n\t\t\t\t\t\t\t\t\t<span class=\"elementor-button-text\">K\u00e9rem a jegyem<\/span>\n\t\t\t\t\t<\/span>\n\t\t\t\t\t<\/a>\n\t\t\t\t<\/div>\n\t\t\t\t\t\t\t\t<\/div>\n\t\t\t\t<\/div>\n\t\t\t\t\t<\/div>\n\t\t\t\t<\/div>\n\t\t<div class=\"elementor-element elementor-element-d9aef1b e-flex e-con-boxed e-con e-parent\" data-id=\"d9aef1b\" data-element_type=\"container\" data-e-type=\"container\" data-settings=\"{&quot;jet_parallax_layout_list&quot;:[]}\">\n\t\t\t\t\t<div class=\"e-con-inner\">\n\t\t<div class=\"elementor-element elementor-element-7d36d46 e-con-full e-flex e-con e-child\" data-id=\"7d36d46\" data-element_type=\"container\" data-e-type=\"container\" data-settings=\"{&quot;jet_parallax_layout_list&quot;:[]}\">\n\t\t\t\t<div class=\"elementor-element elementor-element-bf1f694 elementor-widget elementor-widget-image\" data-id=\"bf1f694\" data-element_type=\"widget\" data-e-type=\"widget\" data-widget_type=\"image.default\">\n\t\t\t\t<div class=\"elementor-widget-container\">\n\t\t\t\t\t\t\t\t\t\t\t\t\t\t\t<img decoding=\"async\" width=\"750\" height=\"500\" src=\"https:\/\/dulobisztro.hu\/wp-content\/uploads\/2024\/03\/dulongelo-1.png\" class=\"attachment-large size-large wp-image-13659\" alt=\"\" srcset=\"https:\/\/dulobisztro.hu\/wp-content\/uploads\/2024\/03\/dulongelo-1.png 900w, https:\/\/dulobisztro.hu\/wp-content\/uploads\/2024\/03\/dulongelo-1-300x200.png 300w, https:\/\/dulobisztro.hu\/wp-content\/uploads\/2024\/03\/dulongelo-1-768x512.png 768w, https:\/\/dulobisztro.hu\/wp-content\/uploads\/2024\/03\/dulongelo-1-18x12.png 18w\" sizes=\"(max-width: 750px) 100vw, 750px\" style=\"width:100%;height:66.67%;max-width:900px\" \/>\t\t\t\t\t\t\t\t\t\t\t\t\t\t\t<\/div>\n\t\t\t\t<\/div>\n\t\t\t\t<\/div>\n\t\t<div class=\"elementor-element elementor-element-02aa0da e-con-full e-flex e-con e-child\" data-id=\"02aa0da\" data-element_type=\"container\" data-e-type=\"container\" data-settings=\"{&quot;jet_parallax_layout_list&quot;:[]}\">\n\t\t\t\t<div class=\"elementor-element elementor-element-3a37640 elementor-widget elementor-widget-text-editor\" data-id=\"3a37640\" data-element_type=\"widget\" data-e-type=\"widget\" data-widget_type=\"text-editor.default\">\n\t\t\t\t<div class=\"elementor-widget-container\">\n\t\t\t\t\t\t\t\t\t<p>09:00<\/p>\t\t\t\t\t\t\t\t<\/div>\n\t\t\t\t<\/div>\n\t\t\t\t<div class=\"elementor-element elementor-element-512374d elementor-widget elementor-widget-text-editor\" data-id=\"512374d\" data-element_type=\"widget\" data-e-type=\"widget\" data-widget_type=\"text-editor.default\">\n\t\t\t\t<div class=\"elementor-widget-container\">\n\t\t\t\t\t\t\t\t\t<p>Folyamatos Transzfer a Retel Vit\u00e9z Ven\u00e9gh\u00e1zt\u00f3l<\/p>\t\t\t\t\t\t\t\t<\/div>\n\t\t\t\t<\/div>\n\t\t\t\t<div class=\"elementor-element elementor-element-984d41e elementor-widget elementor-widget-text-editor\" data-id=\"984d41e\" data-element_type=\"widget\" data-e-type=\"widget\" data-widget_type=\"text-editor.default\">\n\t\t\t\t<div class=\"elementor-widget-container\">\n\t\t\t\t\t\t\t\t\t<p>09:15 \u2013 9:45<\/p>\t\t\t\t\t\t\t\t<\/div>\n\t\t\t\t<\/div>\n\t\t\t\t<div class=\"elementor-element elementor-element-551f753 elementor-widget elementor-widget-text-editor\" data-id=\"551f753\" data-element_type=\"widget\" data-e-type=\"widget\" data-widget_type=\"text-editor.default\">\n\t\t\t\t<div class=\"elementor-widget-container\">\n\t\t\t\t\t\t\t\t\t<p>Bel\u00e9ptet\u00e9s, karszalagok, k\u00f3stol\u00f3 poharak kioszt\u00e1sa<\/p>\t\t\t\t\t\t\t\t<\/div>\n\t\t\t\t<\/div>\n\t\t\t\t<div class=\"elementor-element elementor-element-f0fca47 elementor-widget elementor-widget-text-editor\" data-id=\"f0fca47\" data-element_type=\"widget\" data-e-type=\"widget\" data-widget_type=\"text-editor.default\">\n\t\t\t\t<div class=\"elementor-widget-container\">\n\t\t\t\t\t\t\t\t\t<p>09:45 \u2013 11:00<\/p>\t\t\t\t\t\t\t\t<\/div>\n\t\t\t\t<\/div>\n\t\t\t\t<div class=\"elementor-element elementor-element-afe5e61 elementor-widget elementor-widget-text-editor\" data-id=\"afe5e61\" data-element_type=\"widget\" data-e-type=\"widget\" data-widget_type=\"text-editor.default\">\n\t\t\t\t<div class=\"elementor-widget-container\">\n\t\t\t\t\t\t\t\t\t<p>K\u00f6nnyes Tapasos falatok, p\u00e1link\u00e1s koccint\u00e1s<\/p>\t\t\t\t\t\t\t\t<\/div>\n\t\t\t\t<\/div>\n\t\t\t\t<div class=\"elementor-element elementor-element-1816b08 elementor-widget elementor-widget-text-editor\" data-id=\"1816b08\" data-element_type=\"widget\" data-e-type=\"widget\" data-widget_type=\"text-editor.default\">\n\t\t\t\t<div class=\"elementor-widget-container\">\n\t\t\t\t\t\t\t\t\t<p>11:00<\/p>\t\t\t\t\t\t\t\t<\/div>\n\t\t\t\t<\/div>\n\t\t\t\t<div class=\"elementor-element elementor-element-d1f17ac elementor-widget elementor-widget-text-editor\" data-id=\"d1f17ac\" data-element_type=\"widget\" data-e-type=\"widget\" data-widget_type=\"text-editor.default\">\n\t\t\t\t<div class=\"elementor-widget-container\">\n\t\t\t\t\t\t\t\t\t<p>D\u0171l\u0151t\u00fara (vezetett birtok s\u00e9ta, Hars\u00e1nyi G\u00e1bor vezet\u00e9s\u00e9vel, kb. 4 km-es s\u00e9ta, kellemes temp\u00f3ban)<\/p><p>K\u00f3stol\u00f3pontok (Kir\u00e1lyhegy \u2013 Megyer \u2013 Cir\u00f3ka D\u0171l\u0151)<\/p><p>Vissza\u00e9rkez\u00e9skor k\u00f6z\u00f6s eb\u00e9d (BBQ Oldalas \u2013 rozmaringos serpeny\u0151s burgonya \u2013 coleslaw sal\u00e1ta \/ alm\u00e1s \u2013 meggyes r\u00e9tes) term\u00e9szetesen az \u00e9telallergi\u00e1val rendelkez\u0151 vend\u00e9geink r\u00e9sz\u00e9re is k\u00e9sz\u00fclt\u00fcnk eb\u00e9ddel<\/p>\t\t\t\t\t\t\t\t<\/div>\n\t\t\t\t<\/div>\n\t\t\t\t<\/div>\n\t\t\t\t\t<\/div>\n\t\t\t\t<\/div>\n\t\t\t\t<\/div>","protected":false},"excerpt":{"rendered":"<p>HARMADIK 2025.05.03., szombat Elindult a jegyv\u00e1s\u00e1rl\u00e1s! Szerezd be a bel\u00e9p\u0151det most kedvezm\u00e9nyes \u00e1ron, \u00e9s l\u00e9gy ott az \u00e9v egyik legjobb boros esem\u00e9ny\u00e9n. K\u00e9rem a jegyem 09:00 Folyamatos Transzfer a Retel Vit\u00e9z Ven\u00e9gh\u00e1zt\u00f3l 09:15 \u2013 9:45 Bel\u00e9ptet\u00e9s, karszalagok, k\u00f3stol\u00f3 poharak kioszt\u00e1sa 09:45 \u2013 11:00 K\u00f6nnyes Tapasos falatok, p\u00e1link\u00e1s koccint\u00e1s 11:00 D\u0171l\u0151t\u00fara (vezetett birtok s\u00e9ta, Hars\u00e1nyi G\u00e1bor&hellip; <a class=\"more-link\" href=\"https:\/\/dulobisztro.hu\/pl\/dulongelo-2025\/\">Czytaj dalej <span class=\"screen-reader-text\">Dulongelo-2025<\/span><\/a><\/p>","protected":false},"author":5,"featured_media":0,"parent":0,"menu_order":0,"comment_status":"closed","ping_status":"closed","template":"elementor_header_footer","meta":{"footnotes":""},"class_list":["post-13647","page","type-page","status-publish","hentry","entry"],"aioseo_notices":[],"_links":{"self":[{"href":"https:\/\/dulobisztro.hu\/pl\/wp-json\/wp\/v2\/pages\/13647","targetHints":{"allow":["GET"]}}],"collection":[{"href":"https:\/\/dulobisztro.hu\/pl\/wp-json\/wp\/v2\/pages"}],"about":[{"href":"https:\/\/dulobisztro.hu\/pl\/wp-json\/wp\/v2\/types\/page"}],"author":[{"embeddable":true,"href":"https:\/\/dulobisztro.hu\/pl\/wp-json\/wp\/v2\/users\/5"}],"replies":[{"embeddable":true,"href":"https:\/\/dulobisztro.hu\/pl\/wp-json\/wp\/v2\/comments?post=13647"}],"version-history":[{"count":0,"href":"https:\/\/dulobisztro.hu\/pl\/wp-json\/wp\/v2\/pages\/13647\/revisions"}],"wp:attachment":[{"href":"https:\/\/dulobisztro.hu\/pl\/wp-json\/wp\/v2\/media?parent=13647"}],"curies":[{"name":"wp","href":"https:\/\/api.w.org\/{rel}","templated":true}]}}